{"id":572,"date":"2023-03-04T09:36:13","date_gmt":"2023-03-04T09:36:13","guid":{"rendered":"http:\/\/localhost\/wp\/furento\/?post_type=product&#038;p=572"},"modified":"2024-09-09T11:05:49","modified_gmt":"2024-09-09T11:05:49","slug":"thin-crescent-dome-ring","status":"publish","type":"product","link":"https:\/\/genckuyumculuk.net\/?product=thin-crescent-dome-ring","title":{"rendered":"\u0130nce Kubbe Y\u00fcz\u00fck"},"content":{"rendered":"<p>14 Ayar Alt\u0131nd\u0131r. Fiyat \u0130\u00e7in Aray\u0131n\u0131z.<\/p>\n","protected":false},"excerpt":{"rendered":"<p>14 Ayar Alt\u0131nd\u0131r. Fiyat \u0130\u00e7in Aray\u0131n\u0131z.<\/p>\n","protected":false},"featured_media":2914,"template":"","meta":[],"product_cat":[33,45],"product_tag":[46],"class_list":{"0":"post-572","1":"product","2":"type-product","3":"status-publish","4":"has-post-thumbnail","6":"product_cat-accessories","7":"product_cat-rings","8":"product_tag-rings","10":"first","11":"instock","12":"shipping-taxable","13":"purchasable","14":"product-type-simple"},"_links":{"self":[{"href":"https:\/\/genckuyumculuk.net\/index.php?rest_route=\/wp\/v2\/product\/572","targetHints":{"allow":["GET"]}}],"collection":[{"href":"https:\/\/genckuyumculuk.net\/index.php?rest_route=\/wp\/v2\/product"}],"about":[{"href":"https:\/\/genckuyumculuk.net\/index.php?rest_route=\/wp\/v2\/types\/product"}],"version-history":[{"count":2,"href":"https:\/\/genckuyumculuk.net\/index.php?rest_route=\/wp\/v2\/product\/572\/revisions"}],"predecessor-version":[{"id":3366,"href":"https:\/\/genckuyumculuk.net\/index.php?rest_route=\/wp\/v2\/product\/572\/revisions\/3366"}],"wp:featuredmedia":[{"embeddable":true,"href":"https:\/\/genckuyumculuk.net\/index.php?rest_route=\/wp\/v2\/media\/2914"}],"wp:attachment":[{"href":"https:\/\/genckuyumculuk.net\/index.php?rest_route=%2Fwp%2Fv2%2Fmedia&parent=572"}],"wp:term":[{"taxonomy":"product_cat","embeddable":true,"href":"https:\/\/genckuyumculuk.net\/index.php?rest_route=%2Fwp%2Fv2%2Fproduct_cat&post=572"},{"taxonomy":"product_tag","embeddable":true,"href":"https:\/\/genckuyumculuk.net\/index.php?rest_route=%2Fwp%2Fv2%2Fproduct_tag&post=572"}],"curies":[{"name":"wp","href":"https:\/\/api.w.org\/{rel}","templated":true}]}}