{"id":560,"date":"2023-03-04T09:31:57","date_gmt":"2023-03-04T09:31:57","guid":{"rendered":"http:\/\/localhost\/wp\/furento\/?post_type=product&#038;p=560"},"modified":"2024-09-09T11:05:40","modified_gmt":"2024-09-09T11:05:40","slug":"curb-chain-necklace","status":"publish","type":"product","link":"https:\/\/genckuyumculuk.net\/?product=curb-chain-necklace","title":{"rendered":"Bord\u00fcr Zincir Kolye"},"content":{"rendered":"<p>14 Ayar Alt\u0131nd\u0131r. Fiyat \u0130\u00e7in Aray\u0131n\u0131z.<\/p>\n","protected":false},"excerpt":{"rendered":"<p>14 Ayar Alt\u0131nd\u0131r. Fiyat \u0130\u00e7in Aray\u0131n\u0131z.<\/p>\n","protected":false},"featured_media":2894,"template":"","meta":[],"product_cat":[33,43],"product_tag":[42],"class_list":{"0":"post-560","1":"product","2":"type-product","3":"status-publish","4":"has-post-thumbnail","6":"product_cat-accessories","7":"product_cat-necklaces","8":"product_tag-necklaces","10":"first","11":"instock","12":"featured","13":"shipping-taxable","14":"purchasable","15":"product-type-simple"},"_links":{"self":[{"href":"https:\/\/genckuyumculuk.net\/index.php?rest_route=\/wp\/v2\/product\/560","targetHints":{"allow":["GET"]}}],"collection":[{"href":"https:\/\/genckuyumculuk.net\/index.php?rest_route=\/wp\/v2\/product"}],"about":[{"href":"https:\/\/genckuyumculuk.net\/index.php?rest_route=\/wp\/v2\/types\/product"}],"version-history":[{"count":2,"href":"https:\/\/genckuyumculuk.net\/index.php?rest_route=\/wp\/v2\/product\/560\/revisions"}],"predecessor-version":[{"id":3367,"href":"https:\/\/genckuyumculuk.net\/index.php?rest_route=\/wp\/v2\/product\/560\/revisions\/3367"}],"wp:featuredmedia":[{"embeddable":true,"href":"https:\/\/genckuyumculuk.net\/index.php?rest_route=\/wp\/v2\/media\/2894"}],"wp:attachment":[{"href":"https:\/\/genckuyumculuk.net\/index.php?rest_route=%2Fwp%2Fv2%2Fmedia&parent=560"}],"wp:term":[{"taxonomy":"product_cat","embeddable":true,"href":"https:\/\/genckuyumculuk.net\/index.php?rest_route=%2Fwp%2Fv2%2Fproduct_cat&post=560"},{"taxonomy":"product_tag","embeddable":true,"href":"https:\/\/genckuyumculuk.net\/index.php?rest_route=%2Fwp%2Fv2%2Fproduct_tag&post=560"}],"curies":[{"name":"wp","href":"https:\/\/api.w.org\/{rel}","templated":true}]}}