{"id":552,"date":"2023-03-04T09:19:47","date_gmt":"2023-03-04T09:19:47","guid":{"rendered":"http:\/\/localhost\/wp\/furento\/?post_type=product&#038;p=552"},"modified":"2024-08-15T07:54:31","modified_gmt":"2024-08-15T07:54:31","slug":"variable-product","status":"publish","type":"product","link":"https:\/\/genckuyumculuk.net\/?product=variable-product","title":{"rendered":"\u0130nce Kubbe K\u00fcpe"},"content":{"rendered":"<p>14 Ayar Alt\u0131nd\u0131r. Fiyat \u0130\u00e7in Aray\u0131n\u0131z.<\/p>\n","protected":false},"excerpt":{"rendered":"<p>14 Ayar Alt\u0131nd\u0131r. Fiyat \u0130\u00e7in Aray\u0131n\u0131z.<\/p>\n","protected":false},"featured_media":2921,"template":"","meta":[],"product_cat":[33,40],"product_tag":[39],"class_list":{"0":"post-552","1":"product","2":"type-product","3":"status-publish","4":"has-post-thumbnail","6":"product_cat-accessories","7":"product_cat-earrings","8":"product_tag-earrings","10":"first","11":"instock","12":"shipping-taxable","13":"purchasable","14":"product-type-simple"},"_links":{"self":[{"href":"https:\/\/genckuyumculuk.net\/index.php?rest_route=\/wp\/v2\/product\/552","targetHints":{"allow":["GET"]}}],"collection":[{"href":"https:\/\/genckuyumculuk.net\/index.php?rest_route=\/wp\/v2\/product"}],"about":[{"href":"https:\/\/genckuyumculuk.net\/index.php?rest_route=\/wp\/v2\/types\/product"}],"version-history":[{"count":1,"href":"https:\/\/genckuyumculuk.net\/index.php?rest_route=\/wp\/v2\/product\/552\/revisions"}],"predecessor-version":[{"id":3368,"href":"https:\/\/genckuyumculuk.net\/index.php?rest_route=\/wp\/v2\/product\/552\/revisions\/3368"}],"wp:featuredmedia":[{"embeddable":true,"href":"https:\/\/genckuyumculuk.net\/index.php?rest_route=\/wp\/v2\/media\/2921"}],"wp:attachment":[{"href":"https:\/\/genckuyumculuk.net\/index.php?rest_route=%2Fwp%2Fv2%2Fmedia&parent=552"}],"wp:term":[{"taxonomy":"product_cat","embeddable":true,"href":"https:\/\/genckuyumculuk.net\/index.php?rest_route=%2Fwp%2Fv2%2Fproduct_cat&post=552"},{"taxonomy":"product_tag","embeddable":true,"href":"https:\/\/genckuyumculuk.net\/index.php?rest_route=%2Fwp%2Fv2%2Fproduct_tag&post=552"}],"curies":[{"name":"wp","href":"https:\/\/api.w.org\/{rel}","templated":true}]}}