{"id":517,"date":"2023-03-03T15:58:14","date_gmt":"2023-03-03T15:58:14","guid":{"rendered":"http:\/\/localhost\/wp\/furento\/?post_type=product&#038;p=517"},"modified":"2024-09-09T11:05:44","modified_gmt":"2024-09-09T11:05:44","slug":"diamond-letter-bracelet","status":"publish","type":"product","link":"https:\/\/genckuyumculuk.net\/?product=diamond-letter-bracelet","title":{"rendered":"Elmas Harfli Bilezik"},"content":{"rendered":"<p>14 Ayar Alt\u0131ndan Yap\u0131lm\u0131\u015ft\u0131r. Harf De\u011fi\u015fikli\u011fi ve Fiyat \u0130\u00e7in Aray\u0131n\u0131z<\/p>\n","protected":false},"excerpt":{"rendered":"<p>14 Ayar Alt\u0131ndan Yap\u0131lm\u0131\u015ft\u0131r. Harf De\u011fi\u015fikli\u011fi ve Fiyat \u0130\u00e7in Aray\u0131n\u0131z<\/p>\n","protected":false},"featured_media":2963,"template":"","meta":[],"product_cat":[33,36],"product_tag":[35],"class_list":{"0":"post-517","1":"product","2":"type-product","3":"status-publish","4":"has-post-thumbnail","6":"product_cat-accessories","7":"product_cat-bracelets","8":"product_tag-bracelets","10":"first","11":"instock","12":"shipping-taxable","13":"purchasable","14":"product-type-simple"},"_links":{"self":[{"href":"https:\/\/genckuyumculuk.net\/index.php?rest_route=\/wp\/v2\/product\/517","targetHints":{"allow":["GET"]}}],"collection":[{"href":"https:\/\/genckuyumculuk.net\/index.php?rest_route=\/wp\/v2\/product"}],"about":[{"href":"https:\/\/genckuyumculuk.net\/index.php?rest_route=\/wp\/v2\/types\/product"}],"version-history":[{"count":1,"href":"https:\/\/genckuyumculuk.net\/index.php?rest_route=\/wp\/v2\/product\/517\/revisions"}],"predecessor-version":[{"id":3355,"href":"https:\/\/genckuyumculuk.net\/index.php?rest_route=\/wp\/v2\/product\/517\/revisions\/3355"}],"wp:featuredmedia":[{"embeddable":true,"href":"https:\/\/genckuyumculuk.net\/index.php?rest_route=\/wp\/v2\/media\/2963"}],"wp:attachment":[{"href":"https:\/\/genckuyumculuk.net\/index.php?rest_route=%2Fwp%2Fv2%2Fmedia&parent=517"}],"wp:term":[{"taxonomy":"product_cat","embeddable":true,"href":"https:\/\/genckuyumculuk.net\/index.php?rest_route=%2Fwp%2Fv2%2Fproduct_cat&post=517"},{"taxonomy":"product_tag","embeddable":true,"href":"https:\/\/genckuyumculuk.net\/index.php?rest_route=%2Fwp%2Fv2%2Fproduct_tag&post=517"}],"curies":[{"name":"wp","href":"https:\/\/api.w.org\/{rel}","templated":true}]}}