{"id":511,"date":"2023-03-03T15:55:51","date_gmt":"2023-03-03T15:55:51","guid":{"rendered":"http:\/\/localhost\/wp\/furento\/?post_type=product&#038;p=511"},"modified":"2024-08-15T07:47:23","modified_gmt":"2024-08-15T07:47:23","slug":"diamond-letter-charm","status":"publish","type":"product","link":"https:\/\/genckuyumculuk.net\/?product=diamond-letter-charm","title":{"rendered":"P\u0131rlanta Harf T\u0131ls\u0131m\u0131"},"content":{"rendered":"<p>14 Ayar Alt\u0131ndan Yap\u0131lm\u0131\u015ft\u0131r. Harf De\u011fi\u015fikli\u011fi ve Fiyat \u0130\u00e7in Aray\u0131n\u0131z<\/p>\n","protected":false},"excerpt":{"rendered":"<p>14 Ayar Alt\u0131ndan Yap\u0131lm\u0131\u015ft\u0131r. Harf De\u011fi\u015fikli\u011fi ve Fiyat \u0130\u00e7in Aray\u0131n\u0131z<\/p>\n","protected":false},"featured_media":2957,"template":"","meta":[],"product_cat":[33,37,43],"product_tag":[42],"class_list":{"0":"post-511","1":"product","2":"type-product","3":"status-publish","4":"has-post-thumbnail","6":"product_cat-accessories","7":"product_cat-diamonds","8":"product_cat-necklaces","9":"product_tag-necklaces","11":"first","12":"instock","13":"featured","14":"shipping-taxable","15":"purchasable","16":"product-type-simple"},"_links":{"self":[{"href":"https:\/\/genckuyumculuk.net\/index.php?rest_route=\/wp\/v2\/product\/511","targetHints":{"allow":["GET"]}}],"collection":[{"href":"https:\/\/genckuyumculuk.net\/index.php?rest_route=\/wp\/v2\/product"}],"about":[{"href":"https:\/\/genckuyumculuk.net\/index.php?rest_route=\/wp\/v2\/types\/product"}],"version-history":[{"count":1,"href":"https:\/\/genckuyumculuk.net\/index.php?rest_route=\/wp\/v2\/product\/511\/revisions"}],"predecessor-version":[{"id":3354,"href":"https:\/\/genckuyumculuk.net\/index.php?rest_route=\/wp\/v2\/product\/511\/revisions\/3354"}],"wp:featuredmedia":[{"embeddable":true,"href":"https:\/\/genckuyumculuk.net\/index.php?rest_route=\/wp\/v2\/media\/2957"}],"wp:attachment":[{"href":"https:\/\/genckuyumculuk.net\/index.php?rest_route=%2Fwp%2Fv2%2Fmedia&parent=511"}],"wp:term":[{"taxonomy":"product_cat","embeddable":true,"href":"https:\/\/genckuyumculuk.net\/index.php?rest_route=%2Fwp%2Fv2%2Fproduct_cat&post=511"},{"taxonomy":"product_tag","embeddable":true,"href":"https:\/\/genckuyumculuk.net\/index.php?rest_route=%2Fwp%2Fv2%2Fproduct_tag&post=511"}],"curies":[{"name":"wp","href":"https:\/\/api.w.org\/{rel}","templated":true}]}}