{"id":502,"date":"2023-03-03T15:37:44","date_gmt":"2023-03-03T15:37:44","guid":{"rendered":"http:\/\/localhost\/wp\/furento\/?post_type=product&#038;p=502"},"modified":"2024-08-15T07:46:04","modified_gmt":"2024-08-15T07:46:04","slug":"daily-huggie-hoops","status":"publish","type":"product","link":"https:\/\/genckuyumculuk.net\/?product=daily-huggie-hoops","title":{"rendered":"G\u00fcnl\u00fck Kal\u0131n K\u00fcpe"},"content":{"rendered":"<p>14 Ayar Alt\u0131nd\u0131r. Fiyat \u0130\u00e7in Aray\u0131n\u0131z.<\/p>\n","protected":false},"excerpt":{"rendered":"<p>14 Ayar Alt\u0131nd\u0131r. Fiyat \u0130\u00e7in Aray\u0131n\u0131z.<\/p>\n","protected":false},"featured_media":2902,"template":"","meta":[],"product_cat":[33,40],"product_tag":[39],"class_list":{"0":"post-502","1":"product","2":"type-product","3":"status-publish","4":"has-post-thumbnail","6":"product_cat-accessories","7":"product_cat-earrings","8":"product_tag-earrings","10":"first","11":"instock","12":"featured","13":"shipping-taxable","14":"purchasable","15":"product-type-simple"},"_links":{"self":[{"href":"https:\/\/genckuyumculuk.net\/index.php?rest_route=\/wp\/v2\/product\/502","targetHints":{"allow":["GET"]}}],"collection":[{"href":"https:\/\/genckuyumculuk.net\/index.php?rest_route=\/wp\/v2\/product"}],"about":[{"href":"https:\/\/genckuyumculuk.net\/index.php?rest_route=\/wp\/v2\/types\/product"}],"version-history":[{"count":1,"href":"https:\/\/genckuyumculuk.net\/index.php?rest_route=\/wp\/v2\/product\/502\/revisions"}],"predecessor-version":[{"id":3353,"href":"https:\/\/genckuyumculuk.net\/index.php?rest_route=\/wp\/v2\/product\/502\/revisions\/3353"}],"wp:featuredmedia":[{"embeddable":true,"href":"https:\/\/genckuyumculuk.net\/index.php?rest_route=\/wp\/v2\/media\/2902"}],"wp:attachment":[{"href":"https:\/\/genckuyumculuk.net\/index.php?rest_route=%2Fwp%2Fv2%2Fmedia&parent=502"}],"wp:term":[{"taxonomy":"product_cat","embeddable":true,"href":"https:\/\/genckuyumculuk.net\/index.php?rest_route=%2Fwp%2Fv2%2Fproduct_cat&post=502"},{"taxonomy":"product_tag","embeddable":true,"href":"https:\/\/genckuyumculuk.net\/index.php?rest_route=%2Fwp%2Fv2%2Fproduct_tag&post=502"}],"curies":[{"name":"wp","href":"https:\/\/api.w.org\/{rel}","templated":true}]}}