{"id":322,"date":"2023-03-02T16:03:01","date_gmt":"2023-03-02T16:03:01","guid":{"rendered":"http:\/\/localhost\/wp\/furento\/?page_id=322"},"modified":"2024-08-15T08:32:48","modified_gmt":"2024-08-15T08:32:48","slug":"about","status":"publish","type":"page","link":"https:\/\/genckuyumculuk.net\/?page_id=322","title":{"rendered":"Hakk\u0131m\u0131zda"},"content":{"rendered":"\t\t<div data-elementor-type=\"wp-page\" data-elementor-id=\"322\" class=\"elementor elementor-322\">\n\t\t\t\t\t\t<section class=\"elementor-section elementor-top-section elementor-element elementor-element-b1863ee elementor-section-stretched elementor-section-boxed elementor-section-height-default elementor-section-height-default\" data-id=\"b1863ee\" data-element_type=\"section\" data-settings=\"{&quot;stretch_section&quot;:&quot;section-stretched&quot;}\">\n\t\t\t\t\t\t<div class=\"elementor-container elementor-column-gap-default\">\n\t\t\t\t\t<div class=\"elementor-column elementor-col-100 elementor-top-column elementor-element elementor-element-0b20455\" data-id=\"0b20455\" data-element_type=\"column\">\n\t\t\t<div class=\"elementor-widget-wrap elementor-element-populated\">\n\t\t\t\t\t\t<div class=\"elementor-element elementor-element-ee3b1e6 elementor-widget elementor-widget-heading\" data-id=\"ee3b1e6\" data-element_type=\"widget\" data-widget_type=\"heading.default\">\n\t\t\t\t<div class=\"elementor-widget-container\">\n\t\t\t<style>\/*! elementor - v3.23.0 - 05-08-2024 *\/\n.elementor-heading-title{padding:0;margin:0;line-height:1}.elementor-widget-heading .elementor-heading-title[class*=elementor-size-]>a{color:inherit;font-size:inherit;line-height:inherit}.elementor-widget-heading .elementor-heading-title.elementor-size-small{font-size:15px}.elementor-widget-heading .elementor-heading-title.elementor-size-medium{font-size:19px}.elementor-widget-heading .elementor-heading-title.elementor-size-large{font-size:29px}.elementor-widget-heading .elementor-heading-title.elementor-size-xl{font-size:39px}.elementor-widget-heading .elementor-heading-title.elementor-size-xxl{font-size:59px}<\/style><h2 class=\"elementor-heading-title elementor-size-default\">Fark\u0131m\u0131z, Tarz\u0131m\u0131z !<\/h2>\t\t<\/div>\n\t\t\t\t<\/div>\n\t\t\t\t<div class=\"elementor-element elementor-element-75bcfce elementor-widget__width-initial elementor-widget elementor-widget-text-editor\" data-id=\"75bcfce\" data-element_type=\"widget\" data-widget_type=\"text-editor.default\">\n\t\t\t\t<div class=\"elementor-widget-container\">\n\t\t\t<style>\/*! elementor - v3.23.0 - 05-08-2024 *\/\n.elementor-widget-text-editor.elementor-drop-cap-view-stacked .elementor-drop-cap{background-color:#69727d;color:#fff}.elementor-widget-text-editor.elementor-drop-cap-view-framed .elementor-drop-cap{color:#69727d;border:3px solid;background-color:transparent}.elementor-widget-text-editor:not(.elementor-drop-cap-view-default) .elementor-drop-cap{margin-top:8px}.elementor-widget-text-editor:not(.elementor-drop-cap-view-default) .elementor-drop-cap-letter{width:1em;height:1em}.elementor-widget-text-editor .elementor-drop-cap{float:left;text-align:center;line-height:1;font-size:50px}.elementor-widget-text-editor .elementor-drop-cap-letter{display:inline-block}<\/style>\t\t\t\t<p>Gen\u00e7 Kuyumculuk olarak bizi di\u011fer kuyumculardan ay\u0131ran en b\u00fcy\u00fck fark, m\u00fc\u015fterilerimize sundu\u011fumuz ki\u015fiye \u00f6zel tasar\u0131mlar ve her b\u00fct\u00e7eye hitap eden uygun fiyat politikam\u0131zd\u0131r. Toptan ve perakende sat\u0131\u015flar\u0131m\u0131zla, hem b\u00fcy\u00fck hem de bireysel m\u00fc\u015fterilere ayn\u0131 y\u00fcksek kaliteyi sunuyoruz. Ayn\u0131 zamanda, sekt\u00f6rde yeni olsak da ekibimizin tecr\u00fcbesi ve yenilik\u00e7i yakla\u015f\u0131m\u0131 sayesinde kuyumculukta en iyi olma yolunda emin ad\u0131mlarla ilerliyoruz. Kaliteden taviz vermeden uygun fiyatlar sunarak her m\u00fc\u015fterinin memnuniyetini garanti alt\u0131na al\u0131yoruz.<\/p>\t\t\t\t\t\t<\/div>\n\t\t\t\t<\/div>\n\t\t\t\t\t<\/div>\n\t\t<\/div>\n\t\t\t\t\t<\/div>\n\t\t<\/section>\n\t\t\t\t<section class=\"elementor-section elementor-top-section elementor-element elementor-element-74a2373 elementor-section-stretched elementor-section-boxed elementor-section-height-default elementor-section-height-default\" data-id=\"74a2373\" data-element_type=\"section\" data-settings=\"{&quot;stretch_section&quot;:&quot;section-stretched&quot;}\">\n\t\t\t\t\t\t<div class=\"elementor-container elementor-column-gap-default\">\n\t\t\t\t\t<div class=\"elementor-column elementor-col-100 elementor-top-column elementor-element elementor-element-e87ab56\" data-id=\"e87ab56\" data-element_type=\"column\">\n\t\t\t<div class=\"elementor-widget-wrap elementor-element-populated\">\n\t\t\t\t\t\t<div class=\"elementor-element elementor-element-8e9b62c elementor-widget elementor-widget-image\" data-id=\"8e9b62c\" data-element_type=\"widget\" data-widget_type=\"image.default\">\n\t\t\t\t<div class=\"elementor-widget-container\">\n\t\t\t<style>\/*! elementor - v3.23.0 - 05-08-2024 *\/\n.elementor-widget-image{text-align:center}.elementor-widget-image a{display:inline-block}.elementor-widget-image a img[src$=\".svg\"]{width:48px}.elementor-widget-image img{vertical-align:middle;display:inline-block}<\/style>\t\t\t\t\t\t\t\t\t\t<img fetchpriority=\"high\" decoding=\"async\" width=\"1300\" height=\"600\" src=\"https:\/\/genckuyumculuk.net\/wp-content\/uploads\/2023\/04\/about.jpg\" class=\"attachment-full size-full wp-image-2843\" alt=\"\" srcset=\"https:\/\/genckuyumculuk.net\/wp-content\/uploads\/2023\/04\/about.jpg 1300w, https:\/\/genckuyumculuk.net\/wp-content\/uploads\/2023\/04\/about-600x277.jpg 600w, https:\/\/genckuyumculuk.net\/wp-content\/uploads\/2023\/04\/about-300x138.jpg 300w, https:\/\/genckuyumculuk.net\/wp-content\/uploads\/2023\/04\/about-1024x473.jpg 1024w, https:\/\/genckuyumculuk.net\/wp-content\/uploads\/2023\/04\/about-768x354.jpg 768w\" sizes=\"(max-width: 1300px) 100vw, 1300px\" \/>\t\t\t\t\t\t\t\t\t\t\t\t\t<\/div>\n\t\t\t\t<\/div>\n\t\t\t\t\t<\/div>\n\t\t<\/div>\n\t\t\t\t\t<\/div>\n\t\t<\/section>\n\t\t\t\t<section class=\"elementor-section elementor-top-section elementor-element elementor-element-6721e3b elementor-section-boxed elementor-section-height-default elementor-section-height-default\" data-id=\"6721e3b\" data-element_type=\"section\">\n\t\t\t\t\t\t<div class=\"elementor-container elementor-column-gap-default\">\n\t\t\t\t\t<div class=\"elementor-column elementor-col-100 elementor-top-column elementor-element elementor-element-e69f60e\" data-id=\"e69f60e\" data-element_type=\"column\">\n\t\t\t<div class=\"elementor-widget-wrap elementor-element-populated\">\n\t\t\t\t\t\t<section class=\"elementor-section elementor-inner-section elementor-element elementor-element-ec81ecd elementor-section-boxed elementor-section-height-default elementor-section-height-default\" data-id=\"ec81ecd\" data-element_type=\"section\">\n\t\t\t\t\t\t<div class=\"elementor-container elementor-column-gap-default\">\n\t\t\t\t\t<div class=\"elementor-column elementor-col-33 elementor-inner-column elementor-element elementor-element-2aee064\" data-id=\"2aee064\" data-element_type=\"column\">\n\t\t\t<div class=\"elementor-widget-wrap elementor-element-populated\">\n\t\t\t\t\t\t<div class=\"elementor-element elementor-element-bf85c0f elementor-widget elementor-widget-heading\" data-id=\"bf85c0f\" data-element_type=\"widget\" data-widget_type=\"heading.default\">\n\t\t\t\t<div class=\"elementor-widget-container\">\n\t\t\t<h2 class=\"elementor-heading-title elementor-size-default\">Misyonumuz<\/h2>\t\t<\/div>\n\t\t\t\t<\/div>\n\t\t\t\t<div class=\"elementor-element elementor-element-875bf82 elementor-widget elementor-widget-text-editor\" data-id=\"875bf82\" data-element_type=\"widget\" data-widget_type=\"text-editor.default\">\n\t\t\t\t<div class=\"elementor-widget-container\">\n\t\t\t\t\t\t\t<p>Kaliteden \u00f6d\u00fcn vermeden, hem toptan hem de perakende m\u00fc\u015fterilerimize en iyi hizmeti sunmak i\u00e7in \u00e7al\u0131\u015f\u0131yoruz. Kuyumculuk sanat\u0131n\u0131 yeni nesillere aktarmak ve m\u00fc\u015fteri beklentilerini en iyi \u015fekilde kar\u015f\u0131lamak misyonumuzun temelini olu\u015fturur. Gen\u00e7 ve dinamik bir ekip olarak, kuyumculuk sekt\u00f6r\u00fcnde s\u00fcrekli geli\u015fmeyi, m\u00fc\u015fterilerimize en yeni ve \u00f6zg\u00fcn \u00fcr\u00fcnleri sunmay\u0131 hedefliyoruz.<\/p>\t\t\t\t\t\t<\/div>\n\t\t\t\t<\/div>\n\t\t\t\t\t<\/div>\n\t\t<\/div>\n\t\t\t\t<div class=\"elementor-column elementor-col-33 elementor-inner-column elementor-element elementor-element-749a009\" data-id=\"749a009\" data-element_type=\"column\">\n\t\t\t<div class=\"elementor-widget-wrap\">\n\t\t\t\t\t\t\t<\/div>\n\t\t<\/div>\n\t\t\t\t<div class=\"elementor-column elementor-col-33 elementor-inner-column elementor-element elementor-element-7ddb011\" data-id=\"7ddb011\" data-element_type=\"column\">\n\t\t\t<div class=\"elementor-widget-wrap elementor-element-populated\">\n\t\t\t\t\t\t<div class=\"elementor-element elementor-element-c265cf9 elementor-widget elementor-widget-heading\" data-id=\"c265cf9\" data-element_type=\"widget\" data-widget_type=\"heading.default\">\n\t\t\t\t<div class=\"elementor-widget-container\">\n\t\t\t<h2 class=\"elementor-heading-title elementor-size-default\">Vizyonumuz<\/h2>\t\t<\/div>\n\t\t\t\t<\/div>\n\t\t\t\t<div class=\"elementor-element elementor-element-39bbbb0 elementor-widget elementor-widget-text-editor\" data-id=\"39bbbb0\" data-element_type=\"widget\" data-widget_type=\"text-editor.default\">\n\t\t\t\t<div class=\"elementor-widget-container\">\n\t\t\t\t\t\t\t<p>Gen\u00e7 Kuyumculuk olarak, yenilik\u00e7i ve kaliteli kuyumculuk hizmeti sunarak sekt\u00f6rde lider bir marka olmay\u0131 hedefliyoruz. M\u00fc\u015fteri memnuniyetini \u00f6ncelik alarak, uygun fiyatlarla \u00f6zel \u00fcretim m\u00fccevherleri sunarken, modan\u0131n ve zanaatin harmanland\u0131\u011f\u0131 tasar\u0131mlar\u0131m\u0131zla insanlar\u0131n hayatlar\u0131na de\u011fer katmay\u0131 ama\u00e7l\u0131yoruz. Hem yurti\u00e7i hem de yurtd\u0131\u015f\u0131nda geni\u015f m\u00fc\u015fteri kitlesine ula\u015farak, kuyumculuk sekt\u00f6r\u00fcnde kal\u0131c\u0131 bir iz b\u0131rakmak en b\u00fcy\u00fck vizyonumuzdur.<\/p>\t\t\t\t\t\t<\/div>\n\t\t\t\t<\/div>\n\t\t\t\t\t<\/div>\n\t\t<\/div>\n\t\t\t\t\t<\/div>\n\t\t<\/section>\n\t\t\t\t\t<\/div>\n\t\t<\/div>\n\t\t\t\t\t<\/div>\n\t\t<\/section>\n\t\t<div class=\"elementor-element elementor-element-2fd6379 e-grid e-con-boxed e-con e-parent\" data-id=\"2fd6379\" data-element_type=\"container\">\n\t\t\t\t\t<div class=\"e-con-inner\">\n\t\t\t\t<div class=\"elementor-element elementor-element-f1bb7cc elementor-widget elementor-widget-heading\" data-id=\"f1bb7cc\" data-element_type=\"widget\" data-widget_type=\"heading.default\">\n\t\t\t\t<div class=\"elementor-widget-container\">\n\t\t\t<h2 class=\"elementor-heading-title elementor-size-default\">Hakk\u0131m\u0131zda<\/h2>\t\t<\/div>\n\t\t\t\t<\/div>\n\t\t\t\t<div class=\"elementor-element elementor-element-edcd526 elementor-widget elementor-widget-text-editor\" data-id=\"edcd526\" data-element_type=\"widget\" data-widget_type=\"text-editor.default\">\n\t\t\t\t<div class=\"elementor-widget-container\">\n\t\t\t\t\t\t\t<p>Gen\u00e7 Kuyumculuk, sekt\u00f6rdeki tecr\u00fcbeli ekibi ve yarat\u0131c\u0131 tasar\u0131m anlay\u0131\u015f\u0131yla kuyumculuk d\u00fcnyas\u0131na yeni bir soluk getirmek amac\u0131yla kurulmu\u015ftur. \u00d6zel \u00fcretim m\u00fccevherlerimiz, her m\u00fc\u015fterinin iste\u011fine g\u00f6re ki\u015fiselle\u015ftirilebilir ve her biri b\u00fcy\u00fck bir \u00f6zenle \u00fcretilir. Kolyelerden bileziklere, k\u00fcpelerden y\u00fcz\u00fcklere kadar geni\u015f bir \u00fcr\u00fcn yelpazesi sunuyoruz. M\u00fc\u015fteri memnuniyeti, kaliteli hizmet anlay\u0131\u015f\u0131m\u0131z ve sekt\u00f6rdeki tecr\u00fcbemizle k\u0131sa s\u00fcrede kuyumculuk sekt\u00f6r\u00fcnde sayg\u0131n bir yer edindik.<\/p>\t\t\t\t\t\t<\/div>\n\t\t\t\t<\/div>\n\t\t\t\t\t<\/div>\n\t\t\t\t<\/div>\n\t\t\t\t<\/div>\n\t\t","protected":false},"excerpt":{"rendered":"<p>Fark\u0131m\u0131z, Tarz\u0131m\u0131z ! Gen\u00e7 Kuyumculuk olarak bizi di\u011fer kuyumculardan ay\u0131ran en b\u00fcy\u00fck fark, m\u00fc\u015fterilerimize sundu\u011fumuz ki\u015fiye \u00f6zel tasar\u0131mlar ve her b\u00fct\u00e7eye hitap eden uygun fiyat politikam\u0131zd\u0131r. Toptan ve perakende sat\u0131\u015flar\u0131m\u0131zla, hem b\u00fcy\u00fck hem de bireysel m\u00fc\u015fterilere ayn\u0131 y\u00fcksek kaliteyi sunuyoruz. Ayn\u0131 zamanda, sekt\u00f6rde yeni olsak da ekibimizin tecr\u00fcbesi ve yenilik\u00e7i yakla\u015f\u0131m\u0131 sayesinde kuyumculukta en iyi &hellip; <br \/><a href=\"https:\/\/genckuyumculuk.net\/?page_id=322\" class=\"more-link\">Continue reading <span class=\"screen-reader-text\">Hakk\u0131m\u0131zda<\/span><\/a><\/p>\n","protected":false},"author":1,"featured_media":0,"parent":0,"menu_order":0,"comment_status":"closed","ping_status":"closed","template":"","meta":{"footnotes":""},"class_list":["post-322","page","type-page","status-publish","hentry"],"_links":{"self":[{"href":"https:\/\/genckuyumculuk.net\/index.php?rest_route=\/wp\/v2\/pages\/322","targetHints":{"allow":["GET"]}}],"collection":[{"href":"https:\/\/genckuyumculuk.net\/index.php?rest_route=\/wp\/v2\/pages"}],"about":[{"href":"https:\/\/genckuyumculuk.net\/index.php?rest_route=\/wp\/v2\/types\/page"}],"author":[{"embeddable":true,"href":"https:\/\/genckuyumculuk.net\/index.php?rest_route=\/wp\/v2\/users\/1"}],"replies":[{"embeddable":true,"href":"https:\/\/genckuyumculuk.net\/index.php?rest_route=%2Fwp%2Fv2%2Fcomments&post=322"}],"version-history":[{"count":5,"href":"https:\/\/genckuyumculuk.net\/index.php?rest_route=\/wp\/v2\/pages\/322\/revisions"}],"predecessor-version":[{"id":3391,"href":"https:\/\/genckuyumculuk.net\/index.php?rest_route=\/wp\/v2\/pages\/322\/revisions\/3391"}],"wp:attachment":[{"href":"https:\/\/genckuyumculuk.net\/index.php?rest_route=%2Fwp%2Fv2%2Fmedia&parent=322"}],"curies":[{"name":"wp","href":"https:\/\/api.w.org\/{rel}","templated":true}]}}